{"id":28,"date":"2020-03-05T11:43:48","date_gmt":"2020-03-05T11:43:48","guid":{"rendered":"http:\/\/marlis-petersen.local\/?page_id=28"},"modified":"2025-03-13T00:21:03","modified_gmt":"2025-03-12T23:21:03","slug":"contact","status":"publish","type":"page","link":"https:\/\/marlis-petersen.de\/en\/contact\/","title":{"rendered":"Contact"},"content":{"rendered":"<h4>MANAGEMENT OPERA<\/h4>\n<p><strong>Artists Management Z\u00fcrich\u2028Rita Sch\u00fctz<\/strong><br \/>\nR\u00fctistrasse 52<br \/>\nCH-8044 Z\u00fcrich-Gockhausen<br \/>\n<a href=\"mailto:schuetz@artistsman.com\">schuetz@artistsman.com<\/a><br \/>\n<a href=\"http:\/\/www.artistsman.com\/\" target=\"_blank\" rel=\"noreferrer noopener\">www.artistsman.com<\/a><br \/>\nPhone: +41 44 821 89 57<\/p>\n<h4>MANAGEMENT CONCERT\/LIED<\/h4>\n<p><strong>Machreich Artists Management GmbH<br \/>\nHelga Machreich<br \/>\n<\/strong>Beatrixgasse 26\/5\/42<br \/>\nA-1030 Wien<br \/>\n<a href=\"mailto:office@machreich-artists.com\">office@machreich-artists.com<\/a><br \/>\n<a href=\"http:\/\/www.machreich-artists.com\/\" target=\"_blank\" rel=\"noreferrer noopener\">www.machreich-artists.com<\/a><br \/>\nPhone: +43 (0)5 06 80-012<\/p>\n","protected":false},"excerpt":{"rendered":"<p>MANAGEMENT OPERA Artists Management Z\u00fcrich\u2028Rita Sch\u00fctz R\u00fctistrasse 52 CH-8044 Z\u00fcrich-Gockhausen schuetz@artistsman.com www.artistsman.com Phone: +41 44 821 89 57 MANAGEMENT CONCERT\/LIED Machreich Artists Management GmbH Helga Machreich Beatrixgasse 26\/5\/42 A-1030 Wien office@machreich-artists.com www.machreich-artists.com Phone: +43 (0)5 06 80-012<\/p>\n","protected":false},"author":1,"featured_media":2975,"parent":0,"menu_order":34,"comment_status":"closed","ping_status":"closed","template":"tpl-page-contact.php","meta":{"_acf_changed":false,"footnotes":""},"class_list":["post-28","page","type-page","status-publish","has-post-thumbnail","hentry"],"acf":[],"_links":{"self":[{"href":"https:\/\/marlis-petersen.de\/en\/wp-json\/wp\/v2\/pages\/28","targetHints":{"allow":["GET"]}}],"collection":[{"href":"https:\/\/marlis-petersen.de\/en\/wp-json\/wp\/v2\/pages"}],"about":[{"href":"https:\/\/marlis-petersen.de\/en\/wp-json\/wp\/v2\/types\/page"}],"author":[{"embeddable":true,"href":"https:\/\/marlis-petersen.de\/en\/wp-json\/wp\/v2\/users\/1"}],"replies":[{"embeddable":true,"href":"https:\/\/marlis-petersen.de\/en\/wp-json\/wp\/v2\/comments?post=28"}],"version-history":[{"count":3,"href":"https:\/\/marlis-petersen.de\/en\/wp-json\/wp\/v2\/pages\/28\/revisions"}],"predecessor-version":[{"id":2684,"href":"https:\/\/marlis-petersen.de\/en\/wp-json\/wp\/v2\/pages\/28\/revisions\/2684"}],"wp:featuredmedia":[{"embeddable":true,"href":"https:\/\/marlis-petersen.de\/en\/wp-json\/wp\/v2\/media\/2975"}],"wp:attachment":[{"href":"https:\/\/marlis-petersen.de\/en\/wp-json\/wp\/v2\/media?parent=28"}],"curies":[{"name":"wp","href":"https:\/\/api.w.org\/{rel}","templated":true}]}}